{"id":3826,"date":"2023-03-06T13:56:04","date_gmt":"2023-03-06T12:56:04","guid":{"rendered":"https:\/\/ils-app.com\/privacybeleid\/"},"modified":"2023-03-30T10:19:15","modified_gmt":"2023-03-30T08:19:15","slug":"privacybeleid","status":"publish","type":"page","link":"https:\/\/ils-app.com\/nl\/privacybeleid\/","title":{"rendered":"Privacybeleid"},"content":{"rendered":"\t\t<div data-elementor-type=\"wp-page\" data-elementor-id=\"3826\" class=\"elementor elementor-3826 elementor-2632\">\n\t\t\t\t\t\t<section class=\"elementor-section elementor-top-section elementor-element elementor-element-e726f6c elementor-section-height-min-height elementor-section-boxed elementor-section-height-default elementor-section-items-middle\" data-id=\"e726f6c\" data-element_type=\"section\" data-settings=\"{&quot;background_background&quot;:&quot;classic&quot;}\">\n\t\t\t\t\t\t\t<div class=\"elementor-background-overlay\"><\/div>\n\t\t\t\t\t\t\t<div class=\"elementor-container elementor-column-gap-default\">\n\t\t\t\t\t<div class=\"elementor-column elementor-col-100 elementor-top-column elementor-element elementor-element-26ad935\" data-id=\"26ad935\" data-element_type=\"column\">\n\t\t\t<div class=\"elementor-widget-wrap elementor-element-populated\">\n\t\t\t\t\t\t<div class=\"elementor-element elementor-element-543b732 elementor-widget elementor-widget-heading\" data-id=\"543b732\" data-element_type=\"widget\" data-widget_type=\"heading.default\">\n\t\t\t\t<div class=\"elementor-widget-container\">\n\t\t\t\t\t<h1 class=\"elementor-heading-title elementor-size-default\">Privacybeleid<\/h1>\t\t\t\t<\/div>\n\t\t\t\t<\/div>\n\t\t\t\t\t<\/div>\n\t\t<\/div>\n\t\t\t\t\t<\/div>\n\t\t<\/section>\n\t\t\t\t<section class=\"elementor-section elementor-top-section elementor-element elementor-element-00bd80d elementor-section-content-top elementor-reverse-mobile elementor-section-boxed elementor-section-height-default elementor-section-height-default elementor-invisible\" data-id=\"00bd80d\" data-element_type=\"section\" data-settings=\"{&quot;animation&quot;:&quot;fadeIn&quot;}\">\n\t\t\t\t\t\t<div class=\"elementor-container elementor-column-gap-no\">\n\t\t\t\t\t<div class=\"elementor-column elementor-col-100 elementor-top-column elementor-element elementor-element-d44b805\" data-id=\"d44b805\" data-element_type=\"column\">\n\t\t\t<div class=\"elementor-widget-wrap elementor-element-populated\">\n\t\t\t\t\t\t<div class=\"elementor-element elementor-element-c04038e elementor-widget elementor-widget-heading\" data-id=\"c04038e\" data-element_type=\"widget\" data-widget_type=\"heading.default\">\n\t\t\t\t<div class=\"elementor-widget-container\">\n\t\t\t\t\t<h2 class=\"elementor-heading-title elementor-size-default\"><h2>Wie we zijn<\/h2><\/h2>\t\t\t\t<\/div>\n\t\t\t\t<\/div>\n\t\t\t\t\t<\/div>\n\t\t<\/div>\n\t\t\t\t\t<\/div>\n\t\t<\/section>\n\t\t\t\t<section class=\"elementor-section elementor-top-section elementor-element elementor-element-5944865 elementor-section-boxed elementor-section-height-default elementor-section-height-default elementor-invisible\" data-id=\"5944865\" data-element_type=\"section\" data-settings=\"{&quot;animation&quot;:&quot;fadeIn&quot;}\">\n\t\t\t\t\t\t<div class=\"elementor-container elementor-column-gap-default\">\n\t\t\t\t\t<div class=\"elementor-column elementor-col-50 elementor-top-column elementor-element elementor-element-5cae2c4\" data-id=\"5cae2c4\" data-element_type=\"column\">\n\t\t\t<div class=\"elementor-widget-wrap elementor-element-populated\">\n\t\t\t\t\t\t<div class=\"elementor-element elementor-element-16c33ec elementor-widget elementor-widget-text-editor\" data-id=\"16c33ec\" data-element_type=\"widget\" data-widget_type=\"text-editor.default\">\n\t\t\t\t<div class=\"elementor-widget-container\">\n\t\t\t\t\t\t\t\t\t<p>Een websiteadres: <br>https:\/\/ils-app.com<br>E-mail: <br>ils@ils-app.com<\/p>\n<p>Telefoon: <br>+48 22 620 9674<br>Fax: <br>+48 22 833 2441<\/p>\n<p><\/p>\t\t\t\t\t\t\t\t<\/div>\n\t\t\t\t<\/div>\n\t\t\t\t\t<\/div>\n\t\t<\/div>\n\t\t\t\t<div class=\"elementor-column elementor-col-50 elementor-top-column elementor-element elementor-element-7088f26\" data-id=\"7088f26\" data-element_type=\"column\">\n\t\t\t<div class=\"elementor-widget-wrap elementor-element-populated\">\n\t\t\t\t\t\t<div class=\"elementor-element elementor-element-84e948b elementor-widget elementor-widget-text-editor\" data-id=\"84e948b\" data-element_type=\"widget\" data-widget_type=\"text-editor.default\">\n\t\t\t\t<div class=\"elementor-widget-container\">\n\t\t\t\t\t\t\t\t\t<p style=\"font-size: 15px; font-style: normal; font-weight: 400;\">Bedrijf en merkeigenaar:<br \/><span style=\"font-style: inherit; font-weight: inherit; background-color: var(--ast-global-color-5);\">Studio DL Innovation Sp. z o.o. <br \/><\/span><span style=\"background-color: var(--ast-global-color-5); font-style: inherit; font-weight: inherit;\">ul. Hanki Czaki 2\/63 <br \/><\/span><span style=\"font-style: inherit; font-weight: inherit; background-color: var(--ast-global-color-5);\">PL 01-588 Warszawa<br \/><\/span><span style=\"font-style: inherit; font-weight: inherit; background-color: var(--ast-global-color-5);\">REGON: 141603545<br \/><\/span><span style=\"font-style: inherit; font-weight: inherit; background-color: var(--ast-global-color-5);\">NIP: PL1070015125<br \/><\/span><span style=\"background-color: var(--ast-global-color-5);\">Norbert Wasserfurth<\/span><\/p>\n\t\t\t\t\t\t\t\t<\/div>\n\t\t\t\t<\/div>\n\t\t\t\t\t<\/div>\n\t\t<\/div>\n\t\t\t\t\t<\/div>\n\t\t<\/section>\n\t\t\t\t<section class=\"elementor-section elementor-top-section elementor-element elementor-element-791367b elementor-section-content-top elementor-reverse-mobile elementor-section-boxed elementor-section-height-default elementor-section-height-default elementor-invisible\" data-id=\"791367b\" data-element_type=\"section\" data-settings=\"{&quot;animation&quot;:&quot;fadeIn&quot;}\">\n\t\t\t\t\t\t<div class=\"elementor-container elementor-column-gap-no\">\n\t\t\t\t\t<div class=\"elementor-column elementor-col-100 elementor-top-column elementor-element elementor-element-ab93ae2\" data-id=\"ab93ae2\" data-element_type=\"column\">\n\t\t\t<div class=\"elementor-widget-wrap elementor-element-populated\">\n\t\t\t\t\t\t<div class=\"elementor-element elementor-element-813ce25 elementor-widget elementor-widget-text-editor\" data-id=\"813ce25\" data-element_type=\"widget\" data-widget_type=\"text-editor.default\">\n\t\t\t\t<div class=\"elementor-widget-container\">\n\t\t\t\t\t\t\t\t\t<p><\/p>\n<h2><span style=\"font-size: 2.66667rem; background-color: var(--ast-global-color-5);\">Bescherming van persoonsgegevens<\/span><br><\/h2>\n<p>We gebruiken Google Analytics, een webanalyse-service die wordt aangeboden door Google, Inc. (\u201eGoogle\u201d). Google gebruikt cookies. De door de cookie gegenereerde informatie over uw gebruik van het online aanbod wordt meestal overgebracht naar een server van Google in de VS en daar opgeslagen.<\/p>\n<p>Google gebruikt deze informatie namens ons om uw gebruik van onze website te evalueren, om rapporten over de website-activiteit op te stellen voor website-exploitanten en om andere diensten aan te bieden met betrekking tot website-activiteit en internetgebruik. Op basis van de verwerkte gegevens kunnen gebruikersprofielen worden aangemaakt. <\/p>\n<p>We gebruiken Google Analytics alleen met ingeschakelde IP-anonimisering. Dit betekent dat het IP-adres van de gebruiker door Google wordt ingekort binnen de lidstaten van de Europese Unie of in andere staten die partij zijn bij de Overeenkomst betreffende de Europese Economische Ruimte.  Alleen in uitzonderlijke gevallen wordt het volledige IP-adres naar een server van Google in de VS verzonden en daar ingekort. Het IP-adres dat door de browser van de gebruiker wordt verzonden, wordt niet gecombineerd met andere gegevens van Google.<\/p>\n<p>Gebruikers kunnen de opslag van cookies voorkomen door hun browsersoftware dienovereenkomstig in te stellen; Gebruikers kunnen ook het verzamelen van door cookies gegenereerde gegevens met betrekking tot hun gebruik van het online aanbod van Google en de verwerking van deze gegevens door Google voorkomen door de via de volgende link beschikbare browser-plug-in te downloaden en te installeren: przegl\u0105darki dost\u0119pn\u0105 pod nast\u0119puj\u0105cym linkiem:&nbsp;<a href=\"http:\/\/tools.google.com\/dlpage\/gaoptout?hl=de\" target=\"_blank\" rel=\"noreferrer noopener\">tools.google.com\/dlpage\/gaoptout<\/a>.<\/p>\n<p>Meer informatie over het gebruik van gegevens door Google voor reclamedoeleinden en over instellings- en bezwaarmogelijkheden vindt u op de website van Google:<\/p>\n<p><a>Schakel Google Analytics uit<\/a><\/p>\n<p>https:\/\/www.google.com\/intl\/de\/policies\/privacy\/partners\/ (&#8220;Google&#8217;s gebruik van gegevens wanneer u de websites of apps van onze partners gebruikt&#8221;),&nbsp;<a href=\"http:\/\/www.google.com\/policies\/technologies\/ads\" target=\"_blank\" rel=\"noreferrer noopener\">www.google.com\/policies\/technologies\/ads<\/a>&nbsp;(&#8220;Gebruik van gegevens voor reclamedoeleinden&#8221;),&nbsp;<a class=\"\" href=\"http:\/\/www.google.de\/settings\/ads\" target=\"_blank\" rel=\"noreferrer noopener\">www.google.de\/settings\/ads<\/a>&nbsp; (&#8220;Informatie beheren die Google gebruikt om u advertenties te tonen&#8221;) en&nbsp;<a href=\"http:\/\/www.google.com\/ads\/preferences\/\" target=\"_blank\" rel=\"noreferrer noopener\">www.google.com\/ads\/preferences\/<\/a>&nbsp; (&#8220;Bepalen welke advertenties Google u laat zien&#8221;).<\/p>\n<p><\/p>\n<p><\/p>\n<h2>Opmerkingen<\/h2>\n<p><\/p>\n<p><\/p>\n<p>Als bezoekers reacties achterlaten op de site, verzamelen we de gegevens getoond in het reactieformulier, het IP-adres van de bezoeker en de browser user agent om te helpen spam te detecteren.<\/p>\n<p><\/p>\n<p><\/p>\n<p>Een geanonimiseerde string gemaakt op basis van uw e-mailadres (ook wel hash genoemd) kan naar de Gravatar-service worden gestuurd om te controleren of deze wordt gebruikt. Het privacybeleid van Gravatar is beschikbaar op: https:\/\/automattic.com\/privacy\/. Zodra uw opmerking is goedgekeurd, is uw profielfoto openbaar zichtbaar in de context van uw opmerking.<\/p>\n<p><\/p>\n<p><\/p>\n<h2>Media<\/h2>\n<p><\/p>\n<p><\/p>\n<p>Als u een geregistreerde gebruiker bent en afbeeldingen naar de site uploadt, moet u voorkomen dat u afbeeldingen met locatie-EXIF-tags uploadt. Bezoekers van de site kunnen de volledige locatiegegevens van afbeeldingen op de site downloaden en lezen.<\/p>\n<p><\/p>\n<p><\/p>\n<h2>Cookies<\/h2>\n<p><\/p>\n<p><\/p>\n<p>Als u een opmerking plaatst op de site, kunt u ervoor kiezen om uw naam, e-mailadres en website in cookies op te slaan, zodat de volgende keer dat u een opmerking schrijft, bovenstaande informatie gemakkelijk wordt ingevuld. Cookies verlopen na een jaar.<\/p>\n<p><\/p>\n<p><\/p>\n<p>Als je de inlogpagina bezoekt, slaan we een tijdelijke cookie op om te controleren of je browser cookies accepteert. Het bevat geen persoonlijke gegevens en wordt verwijderd wanneer de browser wordt gesloten.<\/p>\n<p><\/p>\n<p><\/p>\n<p>Bij het inloggen maken we ook enkele cookies aan die nodig zijn om uw inloggegevens en geselecteerde schermopties op te slaan. Inlogcookies verlopen na twee dagen en cookies voor schermopties verlopen na een jaar. Als u &#8220;Onthoud mij&#8221; aanvinkt, vervalt de login na twee weken. Als u zich afmeldt bij uw account, worden de inlogcookies verwijderd.<\/p>\n<p><\/p>\n<p><\/p>\n<p>Als u een artikel bewerkt of publiceert, wordt er een extra cookie in uw browser opgeslagen. Deze cookie bevat geen persoonlijke gegevens, maar verwijst alleen naar de ID van het artikel dat u zojuist hebt bewerkt. Het verloopt na 1 dag.<\/p>\n<p><\/p>\n<p><\/p>\n<h2>Ingesloten inhoud van andere sites<\/h2>\n<p><\/p>\n<p><\/p>\n<p>Artikelen op deze site kunnen ingesloten inhoud bevatten (bijvoorbeeld video&#8217;s, afbeeldingen, artikelen, enz.). Ingesloten inhoud van andere websites gedraagt \u200b\u200bzich op dezelfde manier alsof de gebruiker de website rechtstreeks heeft bezocht.<\/p>\n<p><\/p>\n<p><\/p>\n<p>Sites kunnen informatie over u verzamelen, cookies gebruiken, aanvullende volgsystemen van derden opnemen en uw interacties met ingesloten materiaal monitoren, inclusief het bijhouden van uw interacties met ingesloten materiaal als u een account hebt en bent ingelogd op die site.<\/p>\n<p><\/p>\n<p><\/p>\n<h2>Met wie we gegevens delen<\/h2>\n<p><\/p>\n<p><\/p>\n<p>Als u een wachtwoordreset aanvraagt, wordt uw IP-adres opgenomen in het bericht dat u verzendt.<\/p>\n<p><\/p>\n<p><\/p>\n<h2>Hoe lang we uw gegevens bewaren<\/h2>\n<p><\/p>\n<p><\/p>\n<p>Als u een opmerking achterlaat, worden de inhoud en metadata voor onbepaalde tijd bewaard. Hierdoor zijn we in staat om volgende reacties automatisch te herkennen en goed te keuren, zonder ze telkens naar moderatie te sturen.<\/p>\n<p><\/p>\n<p><\/p>\n<p>Voor gebruikers die zich op onze website hebben geregistreerd (indien van toepassing), slaan we ook de persoonlijke informatie op die in het profiel is ingevoerd. Elke gebruiker kan zijn persoonlijke gegevens op elk moment bekijken, corrigeren of verwijderen (behalve de gebruikersnaam, die niet kan worden gewijzigd). Sitebeheerders kunnen deze informatie ook bekijken en wijzigen.<\/p>\n<p><\/p>\n<p><\/p>\n<h2>Welke rechten heeft u op uw gegevens<\/h2>\n<p><\/p>\n<p><\/p>\n<p>Als u een gebruikersaccount heeft of op deze site heeft gereageerd, kunt u een bestand aanvragen met een ge\u00ebxporteerde set van uw persoonlijke gegevens die in ons bezit zijn, inclusief alle door u verstrekte gegevens. U kunt ook verzoeken dat wij al uw persoonlijke gegevens in ons bezit verwijderen. Dit geldt niet voor gegevens die we verplicht moeten bewaren om administratieve, wettelijke of veiligheidsredenen.<\/p>\n<p><\/p>\n<p><\/p>\n<h2>Waar zullen we uw gegevens naartoe sturen<\/h2>\n<p><\/p>\n<p><\/p>\n<p>Reacties van bezoekers kunnen worden gecontroleerd via een geautomatiseerde spamdetectieservice.<\/p>\n<p><\/p>\t\t\t\t\t\t\t\t<\/div>\n\t\t\t\t<\/div>\n\t\t\t\t\t<\/div>\n\t\t<\/div>\n\t\t\t\t\t<\/div>\n\t\t<\/section>\n\t\t\t\t<\/div>\n\t\t","protected":false},"excerpt":{"rendered":"<p>Privacybeleid Wie we zijn Een websiteadres: https:\/\/ils-app.comE-mail: ils@ils-app.com Telefoon: +48 22 620 9674Fax: +48 22 833 2441 Bedrijf en merkeigenaar:Studio DL Innovation Sp. z o.o. ul. Hanki Czaki 2\/63 PL 01-588 WarszawaREGON: 141603545NIP: PL1070015125Norbert Wasserfurth Bescherming van persoonsgegevens We gebruiken Google Analytics, een webanalyse-service die wordt aangeboden door Google, Inc. (\u201eGoogle\u201d). Google gebruikt cookies. De [&hellip;]<\/p>\n","protected":false},"author":6,"featured_media":0,"parent":0,"menu_order":0,"comment_status":"closed","ping_status":"closed","template":"","meta":{"site-sidebar-layout":"no-sidebar","site-content-layout":"page-builder","ast-site-content-layout":"default","site-content-style":"default","site-sidebar-style":"default","ast-global-header-display":"","ast-banner-title-visibility":"","ast-main-header-display":"","ast-hfb-above-header-display":"","ast-hfb-below-header-display":"","ast-hfb-mobile-header-display":"","site-post-title":"disabled","ast-breadcrumbs-content":"","ast-featured-img":"disabled","footer-sml-layout":"","theme-transparent-header-meta":"","adv-header-id-meta":"","stick-header-meta":"","header-above-stick-meta":"","header-main-stick-meta":"","header-below-stick-meta":"","astra-migrate-meta-layouts":"default","ast-page-background-enabled":"default","ast-page-background-meta":{"desktop":{"background-color":"var(--ast-global-color-4)","background-image":"","background-repeat":"repeat","background-position":"center center","background-size":"auto","background-attachment":"scroll","background-type":"","background-media":"","overlay-type":"","overlay-color":"","overlay-opacity":"","overlay-gradient":""},"tablet":{"background-color":"","background-image":"","background-repeat":"repeat","background-position":"center center","background-size":"auto","background-attachment":"scroll","background-type":"","background-media":"","overlay-type":"","overlay-color":"","overlay-opacity":"","overlay-gradient":""},"mobile":{"background-color":"","background-image":"","background-repeat":"repeat","background-position":"center center","background-size":"auto","background-attachment":"scroll","background-type":"","background-media":"","overlay-type":"","overlay-color":"","overlay-opacity":"","overlay-gradient":""}},"ast-content-background-meta":{"desktop":{"background-color":"var(--ast-global-color-5)","background-image":"","background-repeat":"repeat","background-position":"center center","background-size":"auto","background-attachment":"scroll","background-type":"","background-media":"","overlay-type":"","overlay-color":"","overlay-opacity":"","overlay-gradient":""},"tablet":{"background-color":"var(--ast-global-color-5)","background-image":"","background-repeat":"repeat","background-position":"center center","background-size":"auto","background-attachment":"scroll","background-type":"","background-media":"","overlay-type":"","overlay-color":"","overlay-opacity":"","overlay-gradient":""},"mobile":{"background-color":"var(--ast-global-color-5)","background-image":"","background-repeat":"repeat","background-position":"center center","background-size":"auto","background-attachment":"scroll","background-type":"","background-media":"","overlay-type":"","overlay-color":"","overlay-opacity":"","overlay-gradient":""}},"footnotes":""},"class_list":["post-3826","page","type-page","status-publish","hentry"],"yoast_head":"<!-- This site is optimized with the Yoast SEO plugin v25.6 - https:\/\/yoast.com\/wordpress\/plugins\/seo\/ -->\n<title>Privacybeleid - ILS | Intelligent Light Space<\/title>\n<meta name=\"robots\" content=\"index, follow, max-snippet:-1, max-image-preview:large, max-video-preview:-1\" \/>\n<link rel=\"canonical\" href=\"https:\/\/ils-app.com\/nl\/privacybeleid\/\" \/>\n<meta property=\"og:locale\" content=\"nl_NL\" \/>\n<meta property=\"og:type\" content=\"article\" \/>\n<meta property=\"og:title\" content=\"Privacybeleid - ILS | Intelligent Light Space\" \/>\n<meta property=\"og:description\" content=\"Privacybeleid Wie we zijn Een websiteadres: https:\/\/ils-app.comE-mail: ils@ils-app.com Telefoon: +48 22 620 9674Fax: +48 22 833 2441 Bedrijf en merkeigenaar:Studio DL Innovation Sp. z o.o. ul. Hanki Czaki 2\/63 PL 01-588 WarszawaREGON: 141603545NIP: PL1070015125Norbert Wasserfurth Bescherming van persoonsgegevens We gebruiken Google Analytics, een webanalyse-service die wordt aangeboden door Google, Inc. (\u201eGoogle\u201d). Google gebruikt cookies. De [&hellip;]\" \/>\n<meta property=\"og:url\" content=\"https:\/\/ils-app.com\/nl\/privacybeleid\/\" \/>\n<meta property=\"og:site_name\" content=\"ILS | Intelligent Light Space\" \/>\n<meta property=\"article:publisher\" content=\"https:\/\/www.facebook.com\/StudioDL.Polska.lighting.desing\" \/>\n<meta property=\"article:modified_time\" content=\"2023-03-30T08:19:15+00:00\" \/>\n<meta name=\"twitter:card\" content=\"summary_large_image\" \/>\n<meta name=\"twitter:label1\" content=\"Geschatte leestijd\" \/>\n\t<meta name=\"twitter:data1\" content=\"5 minuten\" \/>\n<script type=\"application\/ld+json\" class=\"yoast-schema-graph\">{\"@context\":\"https:\/\/schema.org\",\"@graph\":[{\"@type\":\"WebPage\",\"@id\":\"https:\/\/ils-app.com\/nl\/privacybeleid\/\",\"url\":\"https:\/\/ils-app.com\/nl\/privacybeleid\/\",\"name\":\"Privacybeleid - ILS | Intelligent Light Space\",\"isPartOf\":{\"@id\":\"https:\/\/ils-app.com\/nl\/#website\"},\"datePublished\":\"2023-03-06T12:56:04+00:00\",\"dateModified\":\"2023-03-30T08:19:15+00:00\",\"breadcrumb\":{\"@id\":\"https:\/\/ils-app.com\/nl\/privacybeleid\/#breadcrumb\"},\"inLanguage\":\"nl-NL\",\"potentialAction\":[{\"@type\":\"ReadAction\",\"target\":[\"https:\/\/ils-app.com\/nl\/privacybeleid\/\"]}]},{\"@type\":\"BreadcrumbList\",\"@id\":\"https:\/\/ils-app.com\/nl\/privacybeleid\/#breadcrumb\",\"itemListElement\":[{\"@type\":\"ListItem\",\"position\":1,\"name\":\"Strona g\u0142\u00f3wna\",\"item\":\"https:\/\/ils-app.com\/nl\/\"},{\"@type\":\"ListItem\",\"position\":2,\"name\":\"Privacybeleid\"}]},{\"@type\":\"WebSite\",\"@id\":\"https:\/\/ils-app.com\/nl\/#website\",\"url\":\"https:\/\/ils-app.com\/nl\/\",\"name\":\"ILS | Intelligent Light Space\",\"description\":\"Light where, when and how much YOU need.\u200b\",\"publisher\":{\"@id\":\"https:\/\/ils-app.com\/nl\/#organization\"},\"potentialAction\":[{\"@type\":\"SearchAction\",\"target\":{\"@type\":\"EntryPoint\",\"urlTemplate\":\"https:\/\/ils-app.com\/nl\/?s={search_term_string}\"},\"query-input\":{\"@type\":\"PropertyValueSpecification\",\"valueRequired\":true,\"valueName\":\"search_term_string\"}}],\"inLanguage\":\"nl-NL\"},{\"@type\":\"Organization\",\"@id\":\"https:\/\/ils-app.com\/nl\/#organization\",\"name\":\"ILS | Intelligent Light Space\",\"url\":\"https:\/\/ils-app.com\/nl\/\",\"logo\":{\"@type\":\"ImageObject\",\"inLanguage\":\"nl-NL\",\"@id\":\"https:\/\/ils-app.com\/nl\/#\/schema\/logo\/image\/\",\"url\":\"https:\/\/ils-app.com\/wp-content\/uploads\/2022\/11\/cropped-ILS-logo-07.png\",\"contentUrl\":\"https:\/\/ils-app.com\/wp-content\/uploads\/2022\/11\/cropped-ILS-logo-07.png\",\"width\":934,\"height\":219,\"caption\":\"ILS | Intelligent Light Space\"},\"image\":{\"@id\":\"https:\/\/ils-app.com\/nl\/#\/schema\/logo\/image\/\"},\"sameAs\":[\"https:\/\/www.facebook.com\/StudioDL.Polska.lighting.desing\",\"https:\/\/www.instagram.com\/studiodl_lightingdesign\/\",\"https:\/\/www.linkedin.com\/showcase\/ils-inteligent-light-space\/\"]}]}<\/script>\n<!-- \/ Yoast SEO plugin. -->","yoast_head_json":{"title":"Privacybeleid - ILS | Intelligent Light Space","robots":{"index":"index","follow":"follow","max-snippet":"max-snippet:-1","max-image-preview":"max-image-preview:large","max-video-preview":"max-video-preview:-1"},"canonical":"https:\/\/ils-app.com\/nl\/privacybeleid\/","og_locale":"nl_NL","og_type":"article","og_title":"Privacybeleid - ILS | Intelligent Light Space","og_description":"Privacybeleid Wie we zijn Een websiteadres: https:\/\/ils-app.comE-mail: ils@ils-app.com Telefoon: +48 22 620 9674Fax: +48 22 833 2441 Bedrijf en merkeigenaar:Studio DL Innovation Sp. z o.o. ul. Hanki Czaki 2\/63 PL 01-588 WarszawaREGON: 141603545NIP: PL1070015125Norbert Wasserfurth Bescherming van persoonsgegevens We gebruiken Google Analytics, een webanalyse-service die wordt aangeboden door Google, Inc. (\u201eGoogle\u201d). Google gebruikt cookies. De [&hellip;]","og_url":"https:\/\/ils-app.com\/nl\/privacybeleid\/","og_site_name":"ILS | Intelligent Light Space","article_publisher":"https:\/\/www.facebook.com\/StudioDL.Polska.lighting.desing","article_modified_time":"2023-03-30T08:19:15+00:00","twitter_card":"summary_large_image","twitter_misc":{"Geschatte leestijd":"5 minuten"},"schema":{"@context":"https:\/\/schema.org","@graph":[{"@type":"WebPage","@id":"https:\/\/ils-app.com\/nl\/privacybeleid\/","url":"https:\/\/ils-app.com\/nl\/privacybeleid\/","name":"Privacybeleid - ILS | Intelligent Light Space","isPartOf":{"@id":"https:\/\/ils-app.com\/nl\/#website"},"datePublished":"2023-03-06T12:56:04+00:00","dateModified":"2023-03-30T08:19:15+00:00","breadcrumb":{"@id":"https:\/\/ils-app.com\/nl\/privacybeleid\/#breadcrumb"},"inLanguage":"nl-NL","potentialAction":[{"@type":"ReadAction","target":["https:\/\/ils-app.com\/nl\/privacybeleid\/"]}]},{"@type":"BreadcrumbList","@id":"https:\/\/ils-app.com\/nl\/privacybeleid\/#breadcrumb","itemListElement":[{"@type":"ListItem","position":1,"name":"Strona g\u0142\u00f3wna","item":"https:\/\/ils-app.com\/nl\/"},{"@type":"ListItem","position":2,"name":"Privacybeleid"}]},{"@type":"WebSite","@id":"https:\/\/ils-app.com\/nl\/#website","url":"https:\/\/ils-app.com\/nl\/","name":"ILS | Intelligent Light Space","description":"Light where, when and how much YOU need.\u200b","publisher":{"@id":"https:\/\/ils-app.com\/nl\/#organization"},"potentialAction":[{"@type":"SearchAction","target":{"@type":"EntryPoint","urlTemplate":"https:\/\/ils-app.com\/nl\/?s={search_term_string}"},"query-input":{"@type":"PropertyValueSpecification","valueRequired":true,"valueName":"search_term_string"}}],"inLanguage":"nl-NL"},{"@type":"Organization","@id":"https:\/\/ils-app.com\/nl\/#organization","name":"ILS | Intelligent Light Space","url":"https:\/\/ils-app.com\/nl\/","logo":{"@type":"ImageObject","inLanguage":"nl-NL","@id":"https:\/\/ils-app.com\/nl\/#\/schema\/logo\/image\/","url":"https:\/\/ils-app.com\/wp-content\/uploads\/2022\/11\/cropped-ILS-logo-07.png","contentUrl":"https:\/\/ils-app.com\/wp-content\/uploads\/2022\/11\/cropped-ILS-logo-07.png","width":934,"height":219,"caption":"ILS | Intelligent Light Space"},"image":{"@id":"https:\/\/ils-app.com\/nl\/#\/schema\/logo\/image\/"},"sameAs":["https:\/\/www.facebook.com\/StudioDL.Polska.lighting.desing","https:\/\/www.instagram.com\/studiodl_lightingdesign\/","https:\/\/www.linkedin.com\/showcase\/ils-inteligent-light-space\/"]}]}},"_links":{"self":[{"href":"https:\/\/ils-app.com\/nl\/wp-json\/wp\/v2\/pages\/3826","targetHints":{"allow":["GET"]}}],"collection":[{"href":"https:\/\/ils-app.com\/nl\/wp-json\/wp\/v2\/pages"}],"about":[{"href":"https:\/\/ils-app.com\/nl\/wp-json\/wp\/v2\/types\/page"}],"author":[{"embeddable":true,"href":"https:\/\/ils-app.com\/nl\/wp-json\/wp\/v2\/users\/6"}],"replies":[{"embeddable":true,"href":"https:\/\/ils-app.com\/nl\/wp-json\/wp\/v2\/comments?post=3826"}],"version-history":[{"count":1,"href":"https:\/\/ils-app.com\/nl\/wp-json\/wp\/v2\/pages\/3826\/revisions"}],"predecessor-version":[{"id":3827,"href":"https:\/\/ils-app.com\/nl\/wp-json\/wp\/v2\/pages\/3826\/revisions\/3827"}],"wp:attachment":[{"href":"https:\/\/ils-app.com\/nl\/wp-json\/wp\/v2\/media?parent=3826"}],"curies":[{"name":"wp","href":"https:\/\/api.w.org\/{rel}","templated":true}]}}